{"id":675,"date":"2018-06-11T12:57:59","date_gmt":"2018-06-11T10:57:59","guid":{"rendered":"https:\/\/brancamenta.it\/?page_id=675"},"modified":"2024-02-06T15:33:14","modified_gmt":"2024-02-06T14:33:14","slug":"cookie-policy","status":"publish","type":"page","link":"https:\/\/brancamenta.it\/de\/cookie-policy","title":{"rendered":"COOKIE-RICHTLINIE"},"content":{"rendered":"<p><strong>ERWEITERTE INFORMATIONEN ZU COOKIES<\/strong><\/p>\n<p class=\"p1\"><strong>Was sind Cookies?<\/strong><\/p>\n<p>Cookies sind kleine Textdateien, die die von den Benutzern besuchten Websites an deren Computer senden, wo sie gespeichert werden, um bei wiederkehrenden Besuchen auf dieselben Websites \u00fcbertragen zu werden. Cookies werden f\u00fcr unterschiedliche Zwecke verwendet, haben unterschiedliche Eigenschaften und k\u00f6nnen sowohl vom Besitzer der Website, auf die man zugreift, als auch von Dritten verwendet werden.<\/p>\n<p>Im Folgenden finden Sie alle Informationen \u00fcber die auf dieser Website installierten Cookies und die notwendigen Hinweise, wie Sie Ihre Pr\u00e4ferenzen bez\u00fcglich dieser Cookies verwalten k\u00f6nnen.<\/p>\n<p><strong>Von dieser Website verwendete Cookies<\/strong><\/p>\n<p>Im Zusammenhang mit der Verwendung von Cookies durch diese Website informieren wir Sie wie folgt.<\/p>\n<p>Der f\u00fcr die Datenverarbeitung Verantwortliche ist die Firma Fratelli Branca Distilleria S.p.A. (Steuernummer\/USt.ID-Nr.: 00720670157), im Folgenden \u201eBranca\u201c mit Sitz in Mailand (PLZ 20121), Via Broletto 35. Die Kontaktdaten des von Branca ernannten Datenschutzbeauftragten (DSB) sind: Dpo@branca.it.<\/p>\n<p>Branca kann Ihre Daten an ernannte und f\u00fcr die Verarbeitung verantwortliche Personen weitergeben, deren Namen und Kontaktdaten auf Ihre Anfrage hin zur Verf\u00fcgung stehen.<\/p>\n<p><strong>Ihre Rechte gem\u00e4\u00df der Datenschutzrichtlinie und wie Sie diese aus\u00fcben k\u00f6nnen<\/strong><\/p>\n<p>Gem\u00e4\u00df der EU-Datenschutzverordnung Nr. 679\/2016 (\u201eDSGVO\u201c) haben Sie das Recht, von Branca Zugang, Berichtigung, L\u00f6schung oder Einschr\u00e4nkung der Verarbeitung Ihrer personenbezogenen Daten zu verlangen, ebenso wie die \u00dcbertragbarkeit (d. h. das Recht, die von Ihnen bereitgestellten Daten in einem maschinenlesbaren Format zu erhalten oder die \u00dcbermittlung an einen anderen f\u00fcr die Datenverarbeitung Verantwortlichen zu verlangen). Sie haben auch das Recht, Ihre Einwilligung zu widerrufen und eine Beschwerde bei einer Aufsichtsbeh\u00f6rde einzureichen (f\u00fcr Italien: Datenschutzbeauftragter; siehe www.garanteprivacy.it).<\/p>\n<p>Dar\u00fcber hinaus haben Sie jederzeit das Recht, der Verarbeitung Ihrer Daten f\u00fcr Direktmarketing- und Profilingzwecke im Zusammenhang mit Direktmarketing zu widersprechen.<\/p>\n<p>Um die oben genannten Rechte auszu\u00fcben, k\u00f6nnen Sie Ihre Anfragen an den Website-Besitzer richten, indem Sie eine E-Mail an nachfolgende Adresse schreiben: <a href=\"mailto:Diritti@branca.it\">Diritti@branca.it<\/a>.<\/p>\n<p><strong>Technische Cookies, die keine Einwilligung erfordern<\/strong><\/p>\n<p>Cookies im Zusammenhang mit Aktivit\u00e4ten, die f\u00fcr den Betrieb der Website und die Bereitstellung des Dienstes unbedingt erforderlich sind:<\/p>\n<table border=\"0\" width=\"600\" cellspacing=\"0\" cellpadding=\"0\">\n<tbody>\n<tr>\n<td>Cookie name<\/td>\n<td>Supplier<\/td>\n<td>Type<\/td>\n<td>expiry<\/td>\n<\/tr>\n<tr>\n<td>__cfduid<\/td>\n<td>addtoany.com<\/td>\n<td>HTTP<\/td>\n<td>1 year<\/td>\n<\/tr>\n<tr>\n<td colspan=\"4\">Beschreibung des Zwecks der Cookies: Wird vom Content-Netzwerk Cloudflare verwendet, um vertrauensw\u00fcrdigen Webverkehr zu identifizieren.<\/td>\n<\/tr>\n<tr>\n<td colspan=\"4\">Wird verwendet, um etwaige Sicherheitseinschr\u00e4nkungen auf der Grundlage der IP-Adresse des Gastbesuchers zu ersetzen. Ist f\u00fcr die Sicherheitsverfahren der Website unbedingt erforderlich und sollte nicht deaktiviert werden.<\/td>\n<\/tr>\n<\/tbody>\n<\/table>\n<p>Cookies im Zusammenhang mit dem Speichern von Pr\u00e4ferenzen und zur Optimierung:<\/p>\n<table border=\"0\" width=\"600\" cellspacing=\"0\" cellpadding=\"0\">\n<tbody>\n<tr>\n<td>Cookie name<\/td>\n<td>Suppier<\/td>\n<td>Type<\/td>\n<td>expiry<\/td>\n<\/tr>\n<tr>\n<td>_icl_visitor_lang_js<\/td>\n<td>brancamenta.it<\/td>\n<td>HTTP<\/td>\n<td>Session<\/td>\n<\/tr>\n<tr>\n<td colspan=\"4\">Beschreibung des Zwecks der Cookies: Speichert die vom Benutzer bevorzugte Sprache auf der Website.<\/td>\n<\/tr>\n<tr>\n<td colspan=\"4\"><\/td>\n<\/tr>\n<tr>\n<td>wpml_browser_redirect_test<\/td>\n<td>brancamenta.it<\/td>\n<td>HTTP<\/td>\n<td>Session<\/td>\n<\/tr>\n<tr>\n<td colspan=\"4\">\n<p class=\"p1\"><span class=\"s1\">Beschreibung des Zwecks der Cookies: Speichert die vom Benutzer bevorzugte Sprache auf der Website.<\/span><\/p>\n<p>Statistical cookies the website manager utilizes to collect aggregated information:<\/td>\n<\/tr>\n<\/tbody>\n<\/table>\n<p>Statistikcookies, die direkt vom Betreiber der Website verwendet werden, um Informationen in aggregierter Form zu sammeln:<\/p>\n<table style=\"border: black;\" border=\"0\" width=\"600\" cellspacing=\"0\" cellpadding=\"0\">\n<tbody>\n<tr>\n<td>Cookie name<\/td>\n<td>Suppier<\/td>\n<td>Type<\/td>\n<td>expiry<\/td>\n<\/tr>\n<tr>\n<td>_ga<\/td>\n<td>brancamenta.it<\/td>\n<td>HTTP<\/td>\n<td>2\u00a0years<\/td>\n<\/tr>\n<tr>\n<td colspan=\"4\">Beschreibung des Zwecks der Cookies: Registriert eine eindeutige ID, die verwendet wird, um statistische Daten dar\u00fcber zu generieren, wie der Besucher die Website erneut nutzt.<\/td>\n<\/tr>\n<tr>\n<td colspan=\"4\">Informationen zu Cookies von Google Analytics finden Sie unter Cookie-Verwendung.<br \/>\nInformationen zur Verwaltung von Datenschutz vonseiten von Google Inc. finden Sie unter http:\/\/www.google.com\/intl\/it\/policies\/privacy\/.<br \/>\nSie k\u00f6nnen die Verwendung von Google Analytics-Cookies verhindern, indem Sie das entsprechende Add-on f\u00fcr Ihren Browser unter olgendem Link herunterladen und installieren: https:\/\/tools.google.com\/dlpage\/gaoptout?hl=it.<\/td>\n<\/tr>\n<tr>\n<td colspan=\"4\"><\/td>\n<\/tr>\n<tr>\n<td>_gat<\/td>\n<td>brancamenta.it<\/td>\n<td>HTTP<\/td>\n<td>2 years<\/td>\n<\/tr>\n<tr>\n<td colspan=\"4\">Beschreibung des Zwecks der Cookies: Registriert eine eindeutige ID, die verwendet wird, um statistische Daten dar\u00fcber zu generieren, wie der Besucher die Website erneut nutzt.<\/td>\n<\/tr>\n<tr>\n<td colspan=\"4\">Informationen zu Cookies von Google Analytics finden Sie unter Cookie-Verwendung.<br \/>\nInformationen zur Verwaltung von Datenschutz vonseiten von Google Inc. finden Sie unter http:\/\/www.google.com\/intl\/it\/policies\/privacy\/.<br \/>\nSie k\u00f6nnen die Verwendung von Google Analytics-Cookies verhindern, indem Sie das entsprechende Add-on f\u00fcr Ihren Browser unter olgendem Link herunterladen und installieren: https:\/\/tools.google.com\/dlpage\/gaoptout?hl=it.<\/td>\n<\/tr>\n<tr>\n<td colspan=\"4\"><\/td>\n<\/tr>\n<tr>\n<td>_git<\/td>\n<td>brancamenta.it<\/td>\n<td>HTTP<\/td>\n<td>Session<\/td>\n<\/tr>\n<tr>\n<td colspan=\"4\">Beschreibung des Zwecks der Cookies: Registriert eine eindeutige ID, die verwendet wird, um statistische Daten dar\u00fcber zu generieren, wie der Besucher die Website erneut nutzt.<\/td>\n<\/tr>\n<tr>\n<td colspan=\"4\">Informationen zu Cookies von Google Analytics finden Sie unter Cookie-Verwendung.<br \/>\n<span style=\"font-family: inherit; font-size: inherit;\">Informationen zur Verwaltung von Datenschutz vonseiten von Google Inc. finden Sie unter http:\/\/www.google.com\/intl\/it\/policies\/privacy\/.<br \/>\n<\/span><span style=\"font-family: inherit; font-size: inherit;\">Sie k\u00f6nnen die Verwendung von Google Analytics-Cookies verhindern, indem Sie das entsprechende Add-on f\u00fcr Ihren Browser unter olgendem Link herunterladen und installieren: https:\/\/tools.google.com\/dlpage\/gaoptout?hl=it.<\/span><\/td>\n<\/tr>\n<\/tbody>\n<\/table>\n<p>Alle technischen Cookies erfordern keine Einwilligung, sie werden daher automatisch nach Zugriff auf die Website installiert.<\/p>\n<p><strong>Cookies, f\u00fcr die eine Einwilligung erforderlich ist<\/strong><\/p>\n<p>Alle anderen als die oben erw\u00e4hnten technischen Cookies werden nur nach ausdr\u00fccklicher Einwilligung des Benutzers beim ersten Besuch der Website installiert oder aktiviert. Die Einwilligung kann auf allgemeine Weise ausgedr\u00fcckt werden, indem man mit dem kurzen Informationsbanner auf der Landingpage der Website interagiert, je nach den in diesem Banner angegebenen Modalit\u00e4ten (durch Klicken auf die Schaltfl\u00e4che OK oder X; oder durch Fortsetzung der Navigation, auch durch Scrollen oder durch einen Link); oder sie kann selektiv erteilt oder verweigert werden, je nach den unten angegebenen Modalit\u00e4ten. Diese Einwilligung wird f\u00fcr wiederkehrende Besuchen bewahrt. Der Benutzer hat jedoch immer die M\u00f6glichkeit, die bereits erteilte Einwilligung ganz oder teilweise zu widerrufen.<\/p>\n<p><strong>Profiling-Cookies f\u00fcr Werbung, die direkt vom Website-Besitzer verwaltet werden<\/strong><\/p>\n<p>Der Website-Besitzer verwendet Profiling-Cookies f\u00fcr Werbung, um Werbung, Promotionen und kommerzielle Angebote entsprechend den vom Benutzer w\u00e4hrend der Navigation gezeigten Pr\u00e4ferenzen zu versenden. Diese Cookies haben eine Dauer von 1 Jahr. Die auf diese Weise gesammelten Daten k\u00f6nnen angereichert und mit Daten aus anderen Quellen abgeglichen werden, um ein einzigartiges Profil des Benutzers zu erstellen, auf dessen Grundlage Ihnen \u00fcber traditionelle und automatisierte Kontaktmethoden und auf jedem Ger\u00e4t personalisierte Werbung zugesandt werden kann.<\/p>\n<p><strong>Von Dritten verwaltete Cookies<\/strong><\/p>\n<p>\u00dcber diese Website werden auch Cookies installiert, die von Dritten verwaltet werden. Nachfolgend finden Sie einige Hinweise und einen Link zu den Datenschutzrichtlinien und dem Einwilligungsformular der einzelnen Unternehmen. Sie k\u00f6nnen f\u00fcr alle Ihre Einwilligung auch geben, indem Sie weitersurfen oder indem Sie dieses Fenster schlie\u00dfen.<\/p>\n<p><strong>Profiling-Cookies f\u00fcr Werbung<\/strong><\/p>\n<p>Werden verwendet, um verhaltensorientierte Werbung (OBA) bereitzustellen, die auf Interessen basiert, die sich w\u00e4hrend des Surfens im Internet zeigen.<\/p>\n<p>Nachstehend finden Sie die Namen von Dritten, die diese Cookies verwalten, mit dem jeweiligen Link zu der Seite, auf der Sie Informationen \u00fcber die Verarbeitung erhalten und Ihre Einwilligung geben k\u00f6nnen.<\/p>\n<table style=\"border: black;\" border=\"0\" width=\"600\" cellspacing=\"0\" cellpadding=\"0\">\n<tbody>\n<tr>\n<td>Cookie name<\/td>\n<td>Suppier<\/td>\n<td>Type<\/td>\n<td>expiry<\/td>\n<\/tr>\n<tr>\n<td>ActivityInfo2<\/td>\n<td>serving-sys.com<\/td>\n<td>HTTP<\/td>\n<td>3 months<\/td>\n<\/tr>\n<tr>\n<td colspan=\"4\">Beschreibung des Zwecks der Cookies: Nicht klassifiziert<\/td>\n<\/tr>\n<tr>\n<td colspan=\"4\"><\/td>\n<\/tr>\n<tr>\n<td>cid<\/td>\n<td>adform.net<\/td>\n<td>HTTP<\/td>\n<td>2 months<\/td>\n<\/tr>\n<tr>\n<td colspan=\"4\">Beschreibung des Zwecks der Cookies: Registriert eine eindeutige ID, die verwendet wird, um statistische Daten dar\u00fcber zu generieren, wie der Besucher die Website erneut nutzt.<\/td>\n<\/tr>\n<tr>\n<td colspan=\"4\">F\u00fcr Informationen \u00fcber Adform-Cookies https:\/\/site.adform.com\/privacy-policy-opt-out\/<\/td>\n<\/tr>\n<tr>\n<td colspan=\"4\"><\/td>\n<\/tr>\n<tr>\n<td>collet<\/td>\n<td>brancamenta.it<\/td>\n<td>Pixel<\/td>\n<td>Session<\/td>\n<\/tr>\n<tr>\n<td colspan=\"4\">Beschreibung des Zwecks der Cookies: Nicht klassifiziert<\/td>\n<\/tr>\n<tr>\n<td colspan=\"4\">Informationen zu Cookies von Google Analytics finden Sie unter Cookie-Verwendung.<br \/>\nInformationen zur Verwaltung von Datenschutz vonseiten von Google Inc. finden Sie unter http:\/\/www.google.com\/intl\/it\/policies\/privacy\/.<br \/>\nSie k\u00f6nnen die Verwendung von Google Analytics-Cookies verhindern, indem Sie das entsprechende Add-on f\u00fcr Ihren Browser unter olgendem Link herunterladen und installieren: https:\/\/tools.google.com\/dlpage\/gaoptout?hl=it.<\/td>\n<\/tr>\n<tr>\n<td colspan=\"4\"><\/td>\n<\/tr>\n<tr>\n<td>r\/collet<\/td>\n<td>doubleclick.net<\/td>\n<td>Pixel<\/td>\n<td>Session<\/td>\n<\/tr>\n<tr>\n<td colspan=\"4\">Beschreibung des Zwecks der Cookies: Nicht klassifiziert<\/td>\n<\/tr>\n<tr>\n<td colspan=\"4\">Informationen zu Cookies von Google Analytics finden Sie unter Cookie-Verwendung.<\/p>\n<p>Informationen zur Verwaltung von Datenschutz vonseiten von Google Inc. finden Sie unter http:\/\/www.google.com\/intl\/it\/policies\/privacy\/.<\/p>\n<p>Sie k\u00f6nnen die Verwendung von Google Analytics-Cookies verhindern, indem Sie das entsprechende Add-on f\u00fcr Ihren Browser unter olgendem Link herunterladen und installieren: https:\/\/tools.google.com\/dlpage\/gaoptout?hl=it.<\/td>\n<\/tr>\n<tr>\n<td colspan=\"4\"><\/td>\n<\/tr>\n<tr>\n<td>u2<\/td>\n<td>serving-sys.com<\/td>\n<td>HTTP<\/td>\n<td>3 months<\/td>\n<\/tr>\n<tr>\n<td colspan=\"4\">Beschreibung des Zwecks der Cookies: Sammelt Daten \u00fcber die Besuche des Benutzers auf Internetseiten, um die Wirksamkeit der auf der Website angezeigten Werbung zu bewerten.<\/td>\n<\/tr>\n<tr>\n<td colspan=\"4\"><\/td>\n<\/tr>\n<tr>\n<td>uid<\/td>\n<td>adform.net<\/td>\n<td>HTTP<\/td>\n<td>2 months<\/td>\n<\/tr>\n<tr>\n<td colspan=\"4\">Beschreibung des Zwecks der Cookies: Registriert eine eindeutige Benutzer-ID auf, die den Browser des Benutzers erkennt, wenn Sie Websites besuchen, die dasselbe Werbenetzwerk verwenden. Der Zweck ist die Optimierung der Anzeige von Werbeanzeigen auf der Grundlage der Bewegungen des Benutzers und der Parameter f\u00fcr die Visualisierung von Anzeigen f\u00fcr Benutzer durch die Werbeanbieter.<\/td>\n<\/tr>\n<tr>\n<td colspan=\"4\">Further information: http:\/\/site.adform.com\/privacy-policy\/en\/<\/td>\n<\/tr>\n<\/tbody>\n<\/table>\n<p><strong>Cookies f\u00fcr soziale Netzwerke<\/strong><\/p>\n<p>Sie werden f\u00fcr das Teilen von Inhalten in sozialen Netzwerken verwendet.<\/p>\n<p>Nachstehend finden Sie die Namen von Dritten, die diese Cookies verwalten, mit dem jeweiligen Link zu der Seite, auf der Sie Informationen \u00fcber die Verarbeitung erhalten und Ihre Einwilligung geben k\u00f6nnen.<\/p>\n<table border=\"0\" width=\"600\" cellspacing=\"0\" cellpadding=\"0\">\n<tbody>\n<tr>\n<td>Cookie name<\/td>\n<td>Suppier<\/td>\n<td>Type<\/td>\n<td>expiry<\/td>\n<\/tr>\n<tr>\n<td>fr<\/td>\n<td>facebook.com<\/td>\n<td>HTTP<\/td>\n<td>3 months<\/td>\n<\/tr>\n<tr>\n<td colspan=\"4\">Beschreibung des Zwecks von Cookies: werden von Facebook verwendet, um eine Reihe von Werbeprodukten als Echtzeit-Angebote von Drittanbietern bereitzustellen.<\/td>\n<\/tr>\n<tr>\n<td colspan=\"4\">Cookie-Richtlinien Facebook: https:\/\/www.facebook.com\/help\/cookies\/\u2028Facebook (Konfiguration): Zugriff auf das eigene Account. Abschnitt Datenschutz.<\/td>\n<\/tr>\n<tr>\n<td colspan=\"4\"><\/td>\n<\/tr>\n<tr>\n<td>tr<\/td>\n<td>facebook.com<\/td>\n<td>Pixel<\/td>\n<td>Session<\/td>\n<\/tr>\n<tr>\n<td colspan=\"4\">Beschreibung des Zwecks der Cookies: Nicht klassifiziert<\/td>\n<\/tr>\n<tr>\n<td colspan=\"4\">Cookie-Richtlinien Facebook: https:\/\/www.facebook.com\/help\/cookies\/<br \/>\nFacebook (Konfiguration): Zugriff auf das eigene Account. Abschnitt Datenschutz.<\/td>\n<\/tr>\n<\/tbody>\n<\/table>\n<p><strong>Statistik-Cookies<\/strong><\/p>\n<p>Werden von Dritten, auch in disaggregierter Form, f\u00fcr die Verwaltung von Statistiken verwendet.<\/p>\n<p>Nachstehend finden Sie die Namen von Dritten, die diese Cookies verwalten, mit dem jeweiligen Link zu der Seite, auf der Sie Informationen \u00fcber die Verarbeitung erhalten k\u00f6nnen<\/p>\n<table border=\"0\" width=\"600\" cellspacing=\"0\" cellpadding=\"0\">\n<tbody>\n<tr>\n<td>Cookie name<\/td>\n<td>Suppier<\/td>\n<td>Type<\/td>\n<td>expiry<\/td>\n<\/tr>\n<tr>\n<td>collet<\/td>\n<td>google-analytics.com<\/td>\n<td>Pixel<\/td>\n<td>Session<\/td>\n<\/tr>\n<tr>\n<td colspan=\"4\">Beschreibung des Zwecks der Cookies: Nicht klassifiziert<\/td>\n<\/tr>\n<tr>\n<td colspan=\"4\">Informationen zu Cookies von Google Analytics finden Sie unter Cookie-Verwendung.<br \/>\nInformationen zur Verwaltung von Datenschutz vonseiten von Google Inc. finden Sie unter http:\/\/www.google.com\/intl\/it\/policies\/privacy\/.<br \/>\nSie k\u00f6nnen die Verwendung von Google Analytics-Cookies verhindern, indem Sie das entsprechende Add-on f\u00fcr Ihren Browser unter olgendem Link herunterladen und installieren: https:\/\/tools.google.com\/dlpage\/gaoptout?hl=it.<\/td>\n<\/tr>\n<tr>\n<td colspan=\"4\"><\/td>\n<\/tr>\n<tr>\n<td>r\/collet<\/td>\n<td>google-analytics.com<\/td>\n<td>Pixel<\/td>\n<td>Session<\/td>\n<\/tr>\n<tr>\n<td colspan=\"4\">Beschreibung des Zwecks der Cookies: Nicht klassifiziert<\/td>\n<\/tr>\n<tr>\n<td colspan=\"4\">Informationen zu Cookies von Google Analytics finden Sie unter Cookie-Verwendung.<br \/>\nInformationen zur Verwaltung von Datenschutz vonseiten von Google Inc. finden Sie unter http:\/\/www.google.com\/intl\/it\/policies\/privacy\/.<br \/>\nSie k\u00f6nnen die Verwendung von Google Analytics-Cookies verhindern, indem Sie das entsprechende Add-on f\u00fcr Ihren Browser unter olgendem Link herunterladen und installieren: https:\/\/tools.google.com\/dlpage\/gaoptout?hl=it.<\/td>\n<\/tr>\n<\/tbody>\n<\/table>\n<p><strong>Wir weisen darauf hin, dass Sie Ihre Cookie-Einstellungen auch \u00fcber Ihren Browser verwalten k\u00f6nnen<\/strong><\/p>\n<p>Wenn Sie den Typ und die Version des von Ihnen verwendeten Browsers nicht kennen, klicken Sie im Browserfenster oben auf \u201eHilfe\u201c: von dort k\u00f6nnen Sie alle notwendigen Informationen abrufen.<\/p>\n<p>Wenn Sie Ihren Browser kennen, klicken Sie auf den von Ihnen verwendeten Browser, um auf die Seite zur Verwaltung von Cookies zuzugreifen.<\/p>\n<p>MICROSOFT WINDOWS EXPLORER:\u00a0<a href=\"https:\/\/support.microsoft.com\/en-us\/topic\/how-to-delete-cookie-files-in-internet-explorer-bca9446f-d873-78de-77ba-d42645fa52fc\">https:\/\/support.microsoft.com\/en-us\/topic\/how-to-delete-cookie-files-in-internet-explorer-bca9446f-d873-78de-77ba-d42645fa52fc<\/a><br \/>\nGOOGLE CHROME:\u00a0<a href=\"https:\/\/support.google.com\/chrome\/answer\/95647?hl=en-GB\">https:\/\/support.google.com\/chrome\/answer\/95647?hl=en-GB<\/a><br \/>\nMOZILLA FIREFOX:\u00a0<a href=\"https:\/\/support.mozilla.org\/en-US\/kb\/enhanced-tracking-protection-firefox-desktop?redirectlocale=en-US&amp;redirectslug=enable-and-disable-cookies-website-preferences\">https:\/\/support.mozilla.org\/en-US\/kb\/enhanced-tracking-protection-firefox-desktop?redirectlocale=en-US&amp;redirectslug=enable-and-disable-cookies-website-preferences<\/a><br \/>\nAPPLE SAFARI:\u00a0<a href=\"https:\/\/support.apple.com\/?path=Safari\/5.0\/en\/9277.html\">https:\/\/support.apple.com\/?path=Safari\/5.0\/en\/9277.html<\/a><\/p>\n","protected":false},"excerpt":{"rendered":"<p>ERWEITERTE INFORMATIONEN ZU COOKIES Was sind Cookies? Cookies sind kleine Textdateien, die die von den Benutzern besuchten Websites an deren Computer senden, wo sie gespeichert werden, um bei wiederkehrenden Besuchen auf dieselben Websites \u00fcbertragen zu werden. Cookies werden f\u00fcr unterschiedliche Zwecke verwendet, haben unterschiedliche Eigenschaften und k\u00f6nnen sowohl vom Besitzer der Website, auf die man [&hellip;]<\/p>\n","protected":false},"author":1,"featured_media":0,"parent":0,"menu_order":0,"comment_status":"closed","ping_status":"closed","template":"","meta":{"_acf_changed":false,"footnotes":""},"class_list":["post-675","page","type-page","status-publish","hentry"],"acf":[],"yoast_head":"<!-- This site is optimized with the Yoast SEO plugin v27.4 - https:\/\/yoast.com\/product\/yoast-seo-wordpress\/ -->\n<title>COOKIE-RICHTLINIE - Brancamenta<\/title>\n<meta name=\"robots\" content=\"index, follow, max-snippet:-1, max-image-preview:large, max-video-preview:-1\" \/>\n<link rel=\"canonical\" href=\"https:\/\/brancamenta.it\/cookie-policy\" \/>\n<meta property=\"og:locale\" content=\"de_DE\" \/>\n<meta property=\"og:type\" content=\"article\" \/>\n<meta property=\"og:title\" content=\"COOKIE-RICHTLINIE - Brancamenta\" \/>\n<meta property=\"og:description\" content=\"ERWEITERTE INFORMATIONEN ZU COOKIES Was sind Cookies? Cookies sind kleine Textdateien, die die von den Benutzern besuchten Websites an deren Computer senden, wo sie gespeichert werden, um bei wiederkehrenden Besuchen auf dieselben Websites \u00fcbertragen zu werden. Cookies werden f\u00fcr unterschiedliche Zwecke verwendet, haben unterschiedliche Eigenschaften und k\u00f6nnen sowohl vom Besitzer der Website, auf die man [&hellip;]\" \/>\n<meta property=\"og:url\" content=\"https:\/\/brancamenta.it\/cookie-policy\" \/>\n<meta property=\"og:site_name\" content=\"Brancamenta\" \/>\n<meta property=\"article:modified_time\" content=\"2024-02-06T14:33:14+00:00\" \/>\n<meta name=\"twitter:card\" content=\"summary_large_image\" \/>\n<meta name=\"twitter:label1\" content=\"Gesch\u00e4tzte Lesezeit\" \/>\n\t<meta name=\"twitter:data1\" content=\"8\u00a0Minuten\" \/>\n<script type=\"application\/ld+json\" class=\"yoast-schema-graph\">{\"@context\":\"https:\\\/\\\/schema.org\",\"@graph\":[{\"@type\":\"WebPage\",\"@id\":\"https:\\\/\\\/brancamenta.it\\\/cookie-policy\",\"url\":\"https:\\\/\\\/brancamenta.it\\\/cookie-policy\",\"name\":\"COOKIE-RICHTLINIE - Brancamenta\",\"isPartOf\":{\"@id\":\"https:\\\/\\\/brancamenta.it\\\/#website\"},\"datePublished\":\"2018-06-11T10:57:59+00:00\",\"dateModified\":\"2024-02-06T14:33:14+00:00\",\"breadcrumb\":{\"@id\":\"https:\\\/\\\/brancamenta.it\\\/cookie-policy#breadcrumb\"},\"inLanguage\":\"de\",\"potentialAction\":[{\"@type\":\"ReadAction\",\"target\":[\"https:\\\/\\\/brancamenta.it\\\/cookie-policy\"]}]},{\"@type\":\"BreadcrumbList\",\"@id\":\"https:\\\/\\\/brancamenta.it\\\/cookie-policy#breadcrumb\",\"itemListElement\":[{\"@type\":\"ListItem\",\"position\":1,\"name\":\"Home\",\"item\":\"https:\\\/\\\/brancamenta.it\\\/de\"},{\"@type\":\"ListItem\",\"position\":2,\"name\":\"COOKIE-RICHTLINIE\"}]},{\"@type\":\"WebSite\",\"@id\":\"https:\\\/\\\/brancamenta.it\\\/#website\",\"url\":\"https:\\\/\\\/brancamenta.it\\\/\",\"name\":\"Brancamenta\",\"description\":\"Have an ice journey\",\"potentialAction\":[{\"@type\":\"SearchAction\",\"target\":{\"@type\":\"EntryPoint\",\"urlTemplate\":\"https:\\\/\\\/brancamenta.it\\\/?s={search_term_string}\"},\"query-input\":{\"@type\":\"PropertyValueSpecification\",\"valueRequired\":true,\"valueName\":\"search_term_string\"}}],\"inLanguage\":\"de\"}]}<\/script>\n<!-- \/ Yoast SEO plugin. -->","yoast_head_json":{"title":"COOKIE-RICHTLINIE - Brancamenta","robots":{"index":"index","follow":"follow","max-snippet":"max-snippet:-1","max-image-preview":"max-image-preview:large","max-video-preview":"max-video-preview:-1"},"canonical":"https:\/\/brancamenta.it\/cookie-policy","og_locale":"de_DE","og_type":"article","og_title":"COOKIE-RICHTLINIE - Brancamenta","og_description":"ERWEITERTE INFORMATIONEN ZU COOKIES Was sind Cookies? Cookies sind kleine Textdateien, die die von den Benutzern besuchten Websites an deren Computer senden, wo sie gespeichert werden, um bei wiederkehrenden Besuchen auf dieselben Websites \u00fcbertragen zu werden. Cookies werden f\u00fcr unterschiedliche Zwecke verwendet, haben unterschiedliche Eigenschaften und k\u00f6nnen sowohl vom Besitzer der Website, auf die man [&hellip;]","og_url":"https:\/\/brancamenta.it\/cookie-policy","og_site_name":"Brancamenta","article_modified_time":"2024-02-06T14:33:14+00:00","twitter_card":"summary_large_image","twitter_misc":{"Gesch\u00e4tzte Lesezeit":"8\u00a0Minuten"},"schema":{"@context":"https:\/\/schema.org","@graph":[{"@type":"WebPage","@id":"https:\/\/brancamenta.it\/cookie-policy","url":"https:\/\/brancamenta.it\/cookie-policy","name":"COOKIE-RICHTLINIE - Brancamenta","isPartOf":{"@id":"https:\/\/brancamenta.it\/#website"},"datePublished":"2018-06-11T10:57:59+00:00","dateModified":"2024-02-06T14:33:14+00:00","breadcrumb":{"@id":"https:\/\/brancamenta.it\/cookie-policy#breadcrumb"},"inLanguage":"de","potentialAction":[{"@type":"ReadAction","target":["https:\/\/brancamenta.it\/cookie-policy"]}]},{"@type":"BreadcrumbList","@id":"https:\/\/brancamenta.it\/cookie-policy#breadcrumb","itemListElement":[{"@type":"ListItem","position":1,"name":"Home","item":"https:\/\/brancamenta.it\/de"},{"@type":"ListItem","position":2,"name":"COOKIE-RICHTLINIE"}]},{"@type":"WebSite","@id":"https:\/\/brancamenta.it\/#website","url":"https:\/\/brancamenta.it\/","name":"Brancamenta","description":"Have an ice journey","potentialAction":[{"@type":"SearchAction","target":{"@type":"EntryPoint","urlTemplate":"https:\/\/brancamenta.it\/?s={search_term_string}"},"query-input":{"@type":"PropertyValueSpecification","valueRequired":true,"valueName":"search_term_string"}}],"inLanguage":"de"}]}},"_links":{"self":[{"href":"https:\/\/brancamenta.it\/de\/wp-json\/wp\/v2\/pages\/675","targetHints":{"allow":["GET"]}}],"collection":[{"href":"https:\/\/brancamenta.it\/de\/wp-json\/wp\/v2\/pages"}],"about":[{"href":"https:\/\/brancamenta.it\/de\/wp-json\/wp\/v2\/types\/page"}],"author":[{"embeddable":true,"href":"https:\/\/brancamenta.it\/de\/wp-json\/wp\/v2\/users\/1"}],"replies":[{"embeddable":true,"href":"https:\/\/brancamenta.it\/de\/wp-json\/wp\/v2\/comments?post=675"}],"version-history":[{"count":6,"href":"https:\/\/brancamenta.it\/de\/wp-json\/wp\/v2\/pages\/675\/revisions"}],"predecessor-version":[{"id":1478,"href":"https:\/\/brancamenta.it\/de\/wp-json\/wp\/v2\/pages\/675\/revisions\/1478"}],"wp:attachment":[{"href":"https:\/\/brancamenta.it\/de\/wp-json\/wp\/v2\/media?parent=675"}],"curies":[{"name":"wp","href":"https:\/\/api.w.org\/{rel}","templated":true}]}}