{"id":1969,"date":"2025-08-01T14:48:35","date_gmt":"2025-08-01T12:48:35","guid":{"rendered":"https:\/\/brancamenta.it\/?page_id=1969"},"modified":"2025-08-01T14:48:35","modified_gmt":"2025-08-01T12:48:35","slug":"barrierefreiheitserklaerung","status":"publish","type":"page","link":"https:\/\/brancamenta.it\/de\/barrierefreiheitserklaerung","title":{"rendered":"Barrierefreiheitserkl\u00e4rung"},"content":{"rendered":"<h2>Einf\u00fchrung<\/h2>\n<p>Fratelli Branca Distillerie S.p.A. verpflichtet sich, ihre Website zug\u00e4nglich zu machen, in \u00dcbereinstimmung mit dem Gesetz vom 9. Januar 2004, Nr. 4. Diese Barrierefreiheitserkl\u00e4rung gilt f\u00fcr <a href=\"https:\/\/www.brancamenta.it\/\">https:\/\/www.brancamenta.it\/<\/a>.<\/p>\n<h2>Konformit\u00e4tsstatus<\/h2>\n<h3>Konform<\/h3>\n<p>Diese Website ist vollst\u00e4ndig konform mit den Anforderungen des Anhangs A der Norm UNI CEI EN 301549.<\/p>\n<p>Referenzstandard: WCAG 2.1<\/p>\n<p>Konformit\u00e4tsniveau: AA<\/p>\n<h2>Erstellung der Barrierefreiheitserkl\u00e4rung<\/h2>\n<p>Diese Erkl\u00e4rung wurde am 27\/06\/2025 erstellt.<\/p>\n<p>Die in der Erkl\u00e4rung enthaltenen Informationen m\u00fcssen aus einer der folgenden Analysen stammen:<\/p>\n<ul>\n<li>eine vom Anbieter durchgef\u00fchrte Selbstbewertung;<\/li>\n<li>eine von Dritten durchgef\u00fchrte Bewertung.<\/li>\n<\/ul>\n<p>Die Erkl\u00e4rung wurde zuletzt am 27\/06\/2025 \u00fcberpr\u00fcft.<\/p>\n<h2>Verfahren zur \u00dcbermittlung von Meldungen und Kontaktdaten des Anbieters<\/h2>\n<p>Meldungen zur Barrierefreiheit k\u00f6nnen an die unten angegebene E-Mail-Adresse gesendet oder \u00fcber das Kontaktformular auf dieser Seite \u00fcbermittelt werden.<\/p>\n<p><strong>Firmenname<\/strong>: Fratelli Branca Distillerie S.p.A.<\/p>\n<p><strong>Umsatzsteuer-ID<\/strong>: 00720670157<\/p>\n<p><strong>Rechtssitz<\/strong>: Via Broletto, 35 &#8211; 20121 Milano (MI)<\/p>\n<p><strong>E-Mail<\/strong>: info@branca.it<\/p>\n\n<div class=\"wpcf7 no-js\" id=\"wpcf7-f1902-o1\" lang=\"it-IT\" dir=\"ltr\" data-wpcf7-id=\"1902\">\n<div class=\"screen-reader-response\"><p role=\"status\" aria-live=\"polite\" aria-atomic=\"true\"><\/p> <ul><\/ul><\/div>\n<form action=\"\/de\/wp-json\/wp\/v2\/pages\/1969#wpcf7-f1902-o1\" method=\"post\" class=\"wpcf7-form init\" aria-label=\"Modulo di contatto\" novalidate=\"novalidate\" data-status=\"init\">\n<fieldset class=\"hidden-fields-container\"><input type=\"hidden\" name=\"_wpcf7\" value=\"1902\" \/><input type=\"hidden\" name=\"_wpcf7_version\" value=\"6.1.5\" \/><input type=\"hidden\" name=\"_wpcf7_locale\" value=\"it_IT\" \/><input type=\"hidden\" name=\"_wpcf7_unit_tag\" value=\"wpcf7-f1902-o1\" \/><input type=\"hidden\" name=\"_wpcf7_container_post\" value=\"0\" \/><input type=\"hidden\" name=\"_wpcf7_posted_data_hash\" value=\"\" \/>\n<\/fieldset>\n<p><label> Nome e cognome<br \/>\n<span class=\"wpcf7-form-control-wrap\" data-name=\"your-name\"><input size=\"40\" maxlength=\"400\" class=\"wpcf7-form-control wpcf7-text wpcf7-validates-as-required\" autocomplete=\"name\" aria-required=\"true\" aria-invalid=\"false\" value=\"\" type=\"text\" name=\"your-name\" \/><\/span> <\/label>\n<\/p>\n<p><label> Indirizzo e-mail<br \/>\n<span class=\"wpcf7-form-control-wrap\" data-name=\"your-email\"><input size=\"40\" maxlength=\"400\" class=\"wpcf7-form-control wpcf7-email wpcf7-validates-as-required wpcf7-text wpcf7-validates-as-email\" autocomplete=\"email\" aria-required=\"true\" aria-invalid=\"false\" value=\"\" type=\"email\" name=\"your-email\" \/><\/span> <\/label>\n<\/p>\n<p><label> Segnalazione<br \/>\n<span class=\"wpcf7-form-control-wrap\" data-name=\"your-message\"><textarea cols=\"40\" rows=\"10\" maxlength=\"2000\" class=\"wpcf7-form-control wpcf7-textarea wpcf7-validates-as-required\" aria-required=\"true\" aria-invalid=\"false\" name=\"your-message\"><\/textarea><\/span> <\/label>\n<\/p>\n<p><span class=\"wpcf7-form-control-wrap\" data-name=\"privacy\"><span class=\"wpcf7-form-control wpcf7-acceptance\"><span class=\"wpcf7-list-item\"><label><input type=\"checkbox\" name=\"privacy\" value=\"1\" aria-invalid=\"false\" \/><span class=\"wpcf7-list-item-label\">Dichiaro di aver preso visione dell\u2019<a href=\"\/accessibilita\/privacy\" target=\"_blank\">informativa privacy<\/a><\/span><\/label><\/span><\/span><\/span>\n<\/p>\n<p><input class=\"wpcf7-form-control wpcf7-submit has-spinner\" type=\"submit\" value=\"Invia\" \/>\n<\/p><div class=\"wpcf7-response-output\" aria-hidden=\"true\"><\/div>\n<\/form>\n<\/div>\n\n<h2>Verfahren zur \u00dcbermittlung von Meldungen an die AgID<\/h2>\n<p>Im Falle einer unbefriedigenden Antwort oder fehlenden Antwort innerhalb von drei\u00dfig Tagen auf die Benachrichtigung oder Anfrage kann der Betroffene eine Meldung \u00fcber den folgenden Link einreichen: <a href=\"https:\/\/www.agid.gov.it\/it\">https:\/\/www.agid.gov.it\/it<\/a><\/p>\n<h2>Informationen zur Website<\/h2>\n<ol>\n<li>Ver\u00f6ffentlichungsdatum der Website: 27\/07\/2016<\/li>\n<li>Usability-Tests wurden durchgef\u00fchrt<\/li>\n<li>F\u00fcr die Website verwendetes CMS: WordPress<\/li>\n<\/ol>\n","protected":false},"excerpt":{"rendered":"<p>Einf\u00fchrung Fratelli Branca Distillerie S.p.A. verpflichtet sich, ihre Website zug\u00e4nglich zu machen, in \u00dcbereinstimmung mit dem Gesetz vom 9. Januar 2004, Nr. 4. Diese Barrierefreiheitserkl\u00e4rung gilt f\u00fcr https:\/\/www.brancamenta.it\/. Konformit\u00e4tsstatus Konform Diese Website ist vollst\u00e4ndig konform mit den Anforderungen des Anhangs A der Norm UNI CEI EN 301549. Referenzstandard: WCAG 2.1 Konformit\u00e4tsniveau: AA Erstellung der Barrierefreiheitserkl\u00e4rung [&hellip;]<\/p>\n","protected":false},"author":2,"featured_media":0,"parent":0,"menu_order":0,"comment_status":"closed","ping_status":"closed","template":"","meta":{"_acf_changed":false,"footnotes":""},"class_list":["post-1969","page","type-page","status-publish","hentry"],"acf":[],"yoast_head":"<!-- This site is optimized with the Yoast SEO plugin v27.5 - https:\/\/yoast.com\/product\/yoast-seo-wordpress\/ -->\n<title>Barrierefreiheitserkl\u00e4rung - Brancamenta<\/title>\n<meta name=\"robots\" content=\"index, follow, max-snippet:-1, max-image-preview:large, max-video-preview:-1\" \/>\n<link rel=\"canonical\" href=\"https:\/\/brancamenta.it\/de\/barrierefreiheitserklaerung\" \/>\n<meta property=\"og:locale\" content=\"de_DE\" \/>\n<meta property=\"og:type\" content=\"article\" \/>\n<meta property=\"og:title\" content=\"Barrierefreiheitserkl\u00e4rung - Brancamenta\" \/>\n<meta property=\"og:description\" content=\"Einf\u00fchrung Fratelli Branca Distillerie S.p.A. verpflichtet sich, ihre Website zug\u00e4nglich zu machen, in \u00dcbereinstimmung mit dem Gesetz vom 9. Januar 2004, Nr. 4. Diese Barrierefreiheitserkl\u00e4rung gilt f\u00fcr https:\/\/www.brancamenta.it\/. Konformit\u00e4tsstatus Konform Diese Website ist vollst\u00e4ndig konform mit den Anforderungen des Anhangs A der Norm UNI CEI EN 301549. Referenzstandard: WCAG 2.1 Konformit\u00e4tsniveau: AA Erstellung der Barrierefreiheitserkl\u00e4rung [&hellip;]\" \/>\n<meta property=\"og:url\" content=\"https:\/\/brancamenta.it\/de\/barrierefreiheitserklaerung\" \/>\n<meta property=\"og:site_name\" content=\"Brancamenta\" \/>\n<meta name=\"twitter:card\" content=\"summary_large_image\" \/>\n<meta name=\"twitter:label1\" content=\"Gesch\u00e4tzte Lesezeit\" \/>\n\t<meta name=\"twitter:data1\" content=\"2\u00a0Minuten\" \/>\n<script type=\"application\/ld+json\" class=\"yoast-schema-graph\">{\"@context\":\"https:\\\/\\\/schema.org\",\"@graph\":[{\"@type\":\"WebPage\",\"@id\":\"https:\\\/\\\/brancamenta.it\\\/de\\\/barrierefreiheitserklaerung\",\"url\":\"https:\\\/\\\/brancamenta.it\\\/de\\\/barrierefreiheitserklaerung\",\"name\":\"Barrierefreiheitserkl\u00e4rung - Brancamenta\",\"isPartOf\":{\"@id\":\"https:\\\/\\\/brancamenta.it\\\/#website\"},\"datePublished\":\"2025-08-01T12:48:35+00:00\",\"breadcrumb\":{\"@id\":\"https:\\\/\\\/brancamenta.it\\\/de\\\/barrierefreiheitserklaerung#breadcrumb\"},\"inLanguage\":\"de\",\"potentialAction\":[{\"@type\":\"ReadAction\",\"target\":[\"https:\\\/\\\/brancamenta.it\\\/de\\\/barrierefreiheitserklaerung\"]}]},{\"@type\":\"BreadcrumbList\",\"@id\":\"https:\\\/\\\/brancamenta.it\\\/de\\\/barrierefreiheitserklaerung#breadcrumb\",\"itemListElement\":[{\"@type\":\"ListItem\",\"position\":1,\"name\":\"Home\",\"item\":\"https:\\\/\\\/brancamenta.it\\\/de\"},{\"@type\":\"ListItem\",\"position\":2,\"name\":\"Barrierefreiheitserkl\u00e4rung\"}]},{\"@type\":\"WebSite\",\"@id\":\"https:\\\/\\\/brancamenta.it\\\/#website\",\"url\":\"https:\\\/\\\/brancamenta.it\\\/\",\"name\":\"Brancamenta\",\"description\":\"Have an ice journey\",\"potentialAction\":[{\"@type\":\"SearchAction\",\"target\":{\"@type\":\"EntryPoint\",\"urlTemplate\":\"https:\\\/\\\/brancamenta.it\\\/?s={search_term_string}\"},\"query-input\":{\"@type\":\"PropertyValueSpecification\",\"valueRequired\":true,\"valueName\":\"search_term_string\"}}],\"inLanguage\":\"de\"}]}<\/script>\n<!-- \/ Yoast SEO plugin. -->","yoast_head_json":{"title":"Barrierefreiheitserkl\u00e4rung - Brancamenta","robots":{"index":"index","follow":"follow","max-snippet":"max-snippet:-1","max-image-preview":"max-image-preview:large","max-video-preview":"max-video-preview:-1"},"canonical":"https:\/\/brancamenta.it\/de\/barrierefreiheitserklaerung","og_locale":"de_DE","og_type":"article","og_title":"Barrierefreiheitserkl\u00e4rung - Brancamenta","og_description":"Einf\u00fchrung Fratelli Branca Distillerie S.p.A. verpflichtet sich, ihre Website zug\u00e4nglich zu machen, in \u00dcbereinstimmung mit dem Gesetz vom 9. Januar 2004, Nr. 4. Diese Barrierefreiheitserkl\u00e4rung gilt f\u00fcr https:\/\/www.brancamenta.it\/. Konformit\u00e4tsstatus Konform Diese Website ist vollst\u00e4ndig konform mit den Anforderungen des Anhangs A der Norm UNI CEI EN 301549. Referenzstandard: WCAG 2.1 Konformit\u00e4tsniveau: AA Erstellung der Barrierefreiheitserkl\u00e4rung [&hellip;]","og_url":"https:\/\/brancamenta.it\/de\/barrierefreiheitserklaerung","og_site_name":"Brancamenta","twitter_card":"summary_large_image","twitter_misc":{"Gesch\u00e4tzte Lesezeit":"2\u00a0Minuten"},"schema":{"@context":"https:\/\/schema.org","@graph":[{"@type":"WebPage","@id":"https:\/\/brancamenta.it\/de\/barrierefreiheitserklaerung","url":"https:\/\/brancamenta.it\/de\/barrierefreiheitserklaerung","name":"Barrierefreiheitserkl\u00e4rung - Brancamenta","isPartOf":{"@id":"https:\/\/brancamenta.it\/#website"},"datePublished":"2025-08-01T12:48:35+00:00","breadcrumb":{"@id":"https:\/\/brancamenta.it\/de\/barrierefreiheitserklaerung#breadcrumb"},"inLanguage":"de","potentialAction":[{"@type":"ReadAction","target":["https:\/\/brancamenta.it\/de\/barrierefreiheitserklaerung"]}]},{"@type":"BreadcrumbList","@id":"https:\/\/brancamenta.it\/de\/barrierefreiheitserklaerung#breadcrumb","itemListElement":[{"@type":"ListItem","position":1,"name":"Home","item":"https:\/\/brancamenta.it\/de"},{"@type":"ListItem","position":2,"name":"Barrierefreiheitserkl\u00e4rung"}]},{"@type":"WebSite","@id":"https:\/\/brancamenta.it\/#website","url":"https:\/\/brancamenta.it\/","name":"Brancamenta","description":"Have an ice journey","potentialAction":[{"@type":"SearchAction","target":{"@type":"EntryPoint","urlTemplate":"https:\/\/brancamenta.it\/?s={search_term_string}"},"query-input":{"@type":"PropertyValueSpecification","valueRequired":true,"valueName":"search_term_string"}}],"inLanguage":"de"}]}},"_links":{"self":[{"href":"https:\/\/brancamenta.it\/de\/wp-json\/wp\/v2\/pages\/1969","targetHints":{"allow":["GET"]}}],"collection":[{"href":"https:\/\/brancamenta.it\/de\/wp-json\/wp\/v2\/pages"}],"about":[{"href":"https:\/\/brancamenta.it\/de\/wp-json\/wp\/v2\/types\/page"}],"author":[{"embeddable":true,"href":"https:\/\/brancamenta.it\/de\/wp-json\/wp\/v2\/users\/2"}],"replies":[{"embeddable":true,"href":"https:\/\/brancamenta.it\/de\/wp-json\/wp\/v2\/comments?post=1969"}],"version-history":[{"count":1,"href":"https:\/\/brancamenta.it\/de\/wp-json\/wp\/v2\/pages\/1969\/revisions"}],"predecessor-version":[{"id":1971,"href":"https:\/\/brancamenta.it\/de\/wp-json\/wp\/v2\/pages\/1969\/revisions\/1971"}],"wp:attachment":[{"href":"https:\/\/brancamenta.it\/de\/wp-json\/wp\/v2\/media?parent=1969"}],"curies":[{"name":"wp","href":"https:\/\/api.w.org\/{rel}","templated":true}]}}