{"id":1212,"date":"2020-07-02T08:49:59","date_gmt":"2020-07-02T06:49:59","guid":{"rendered":"https:\/\/brancamenta.it\/history"},"modified":"2025-08-08T11:20:33","modified_gmt":"2025-08-08T09:20:33","slug":"history","status":"publish","type":"page","link":"https:\/\/brancamenta.it\/de\/history","title":{"rendered":"History"},"content":{"rendered":"<p><strong>Brancamenta<\/strong> wird in den <strong>1960er<\/strong>-Jahren pr\u00e4sentiert, in der Zeit des gro\u00dfen Wandels, wo sich die Menschen nach Neuem sehnen, auch bei Essen und Trinken. Ein innovatives Getr\u00e4nk, das zu jeder Jahreszeit gut schmeckt und durch das \u201eintensiven Geschmackserlebnis\u201c bei jedem Schluck immer wieder f\u00fcr \u00dcberraschung sorgt.<\/p>\n","protected":false},"excerpt":{"rendered":"<p>Brancamenta wird in den 1960er-Jahren pr\u00e4sentiert, in der Zeit des gro\u00dfen Wandels, wo sich die Menschen nach Neuem sehnen, auch bei Essen und Trinken. Ein innovatives Getr\u00e4nk, das zu jeder Jahreszeit gut schmeckt und durch das \u201eintensiven Geschmackserlebnis\u201c bei jedem Schluck immer wieder f\u00fcr \u00dcberraschung sorgt.<\/p>\n","protected":false},"author":1,"featured_media":1094,"parent":0,"menu_order":0,"comment_status":"closed","ping_status":"closed","template":"page-templates\/history.php","meta":{"_acf_changed":false,"footnotes":""},"class_list":["post-1212","page","type-page","status-publish","has-post-thumbnail","hentry"],"acf":[],"yoast_head":"<!-- This site is optimized with the Yoast SEO plugin v27.4 - https:\/\/yoast.com\/product\/yoast-seo-wordpress\/ -->\n<title>History - Brancamenta<\/title>\n<meta name=\"robots\" content=\"index, follow, max-snippet:-1, max-image-preview:large, max-video-preview:-1\" \/>\n<link rel=\"canonical\" href=\"https:\/\/brancamenta.it\/de\/history\" \/>\n<meta property=\"og:locale\" content=\"de_DE\" \/>\n<meta property=\"og:type\" content=\"article\" \/>\n<meta property=\"og:title\" content=\"History - Brancamenta\" \/>\n<meta property=\"og:description\" content=\"Brancamenta wird in den 1960er-Jahren pr\u00e4sentiert, in der Zeit des gro\u00dfen Wandels, wo sich die Menschen nach Neuem sehnen, auch bei Essen und Trinken. Ein innovatives Getr\u00e4nk, das zu jeder Jahreszeit gut schmeckt und durch das \u201eintensiven Geschmackserlebnis\u201c bei jedem Schluck immer wieder f\u00fcr \u00dcberraschung sorgt.\" \/>\n<meta property=\"og:url\" content=\"https:\/\/brancamenta.it\/de\/history\" \/>\n<meta property=\"og:site_name\" content=\"Brancamenta\" \/>\n<meta property=\"article:modified_time\" content=\"2025-08-08T09:20:33+00:00\" \/>\n<meta property=\"og:image\" content=\"https:\/\/brancamenta.it\/wp-content\/uploads\/2020\/06\/history-title.png\" \/>\n\t<meta property=\"og:image:width\" content=\"1442\" \/>\n\t<meta property=\"og:image:height\" content=\"340\" \/>\n\t<meta property=\"og:image:type\" content=\"image\/png\" \/>\n<meta name=\"twitter:card\" content=\"summary_large_image\" \/>\n<meta name=\"twitter:label1\" content=\"Gesch\u00e4tzte Lesezeit\" \/>\n\t<meta name=\"twitter:data1\" content=\"1\u00a0Minute\" \/>\n<script type=\"application\/ld+json\" class=\"yoast-schema-graph\">{\"@context\":\"https:\\\/\\\/schema.org\",\"@graph\":[{\"@type\":\"WebPage\",\"@id\":\"https:\\\/\\\/brancamenta.it\\\/de\\\/history\",\"url\":\"https:\\\/\\\/brancamenta.it\\\/de\\\/history\",\"name\":\"History - Brancamenta\",\"isPartOf\":{\"@id\":\"https:\\\/\\\/brancamenta.it\\\/#website\"},\"primaryImageOfPage\":{\"@id\":\"https:\\\/\\\/brancamenta.it\\\/de\\\/history#primaryimage\"},\"image\":{\"@id\":\"https:\\\/\\\/brancamenta.it\\\/de\\\/history#primaryimage\"},\"thumbnailUrl\":\"https:\\\/\\\/brancamenta.it\\\/wp-content\\\/uploads\\\/2020\\\/06\\\/history-title.png\",\"datePublished\":\"2020-07-02T06:49:59+00:00\",\"dateModified\":\"2025-08-08T09:20:33+00:00\",\"breadcrumb\":{\"@id\":\"https:\\\/\\\/brancamenta.it\\\/de\\\/history#breadcrumb\"},\"inLanguage\":\"de\",\"potentialAction\":[{\"@type\":\"ReadAction\",\"target\":[\"https:\\\/\\\/brancamenta.it\\\/de\\\/history\"]}]},{\"@type\":\"ImageObject\",\"inLanguage\":\"de\",\"@id\":\"https:\\\/\\\/brancamenta.it\\\/de\\\/history#primaryimage\",\"url\":\"https:\\\/\\\/brancamenta.it\\\/wp-content\\\/uploads\\\/2020\\\/06\\\/history-title.png\",\"contentUrl\":\"https:\\\/\\\/brancamenta.it\\\/wp-content\\\/uploads\\\/2020\\\/06\\\/history-title.png\",\"width\":1442,\"height\":340},{\"@type\":\"BreadcrumbList\",\"@id\":\"https:\\\/\\\/brancamenta.it\\\/de\\\/history#breadcrumb\",\"itemListElement\":[{\"@type\":\"ListItem\",\"position\":1,\"name\":\"Home\",\"item\":\"https:\\\/\\\/brancamenta.it\\\/de\"},{\"@type\":\"ListItem\",\"position\":2,\"name\":\"History\"}]},{\"@type\":\"WebSite\",\"@id\":\"https:\\\/\\\/brancamenta.it\\\/#website\",\"url\":\"https:\\\/\\\/brancamenta.it\\\/\",\"name\":\"Brancamenta\",\"description\":\"Have an ice journey\",\"potentialAction\":[{\"@type\":\"SearchAction\",\"target\":{\"@type\":\"EntryPoint\",\"urlTemplate\":\"https:\\\/\\\/brancamenta.it\\\/?s={search_term_string}\"},\"query-input\":{\"@type\":\"PropertyValueSpecification\",\"valueRequired\":true,\"valueName\":\"search_term_string\"}}],\"inLanguage\":\"de\"}]}<\/script>\n<!-- \/ Yoast SEO plugin. -->","yoast_head_json":{"title":"History - Brancamenta","robots":{"index":"index","follow":"follow","max-snippet":"max-snippet:-1","max-image-preview":"max-image-preview:large","max-video-preview":"max-video-preview:-1"},"canonical":"https:\/\/brancamenta.it\/de\/history","og_locale":"de_DE","og_type":"article","og_title":"History - Brancamenta","og_description":"Brancamenta wird in den 1960er-Jahren pr\u00e4sentiert, in der Zeit des gro\u00dfen Wandels, wo sich die Menschen nach Neuem sehnen, auch bei Essen und Trinken. Ein innovatives Getr\u00e4nk, das zu jeder Jahreszeit gut schmeckt und durch das \u201eintensiven Geschmackserlebnis\u201c bei jedem Schluck immer wieder f\u00fcr \u00dcberraschung sorgt.","og_url":"https:\/\/brancamenta.it\/de\/history","og_site_name":"Brancamenta","article_modified_time":"2025-08-08T09:20:33+00:00","og_image":[{"width":1442,"height":340,"url":"https:\/\/brancamenta.it\/wp-content\/uploads\/2020\/06\/history-title.png","type":"image\/png"}],"twitter_card":"summary_large_image","twitter_misc":{"Gesch\u00e4tzte Lesezeit":"1\u00a0Minute"},"schema":{"@context":"https:\/\/schema.org","@graph":[{"@type":"WebPage","@id":"https:\/\/brancamenta.it\/de\/history","url":"https:\/\/brancamenta.it\/de\/history","name":"History - Brancamenta","isPartOf":{"@id":"https:\/\/brancamenta.it\/#website"},"primaryImageOfPage":{"@id":"https:\/\/brancamenta.it\/de\/history#primaryimage"},"image":{"@id":"https:\/\/brancamenta.it\/de\/history#primaryimage"},"thumbnailUrl":"https:\/\/brancamenta.it\/wp-content\/uploads\/2020\/06\/history-title.png","datePublished":"2020-07-02T06:49:59+00:00","dateModified":"2025-08-08T09:20:33+00:00","breadcrumb":{"@id":"https:\/\/brancamenta.it\/de\/history#breadcrumb"},"inLanguage":"de","potentialAction":[{"@type":"ReadAction","target":["https:\/\/brancamenta.it\/de\/history"]}]},{"@type":"ImageObject","inLanguage":"de","@id":"https:\/\/brancamenta.it\/de\/history#primaryimage","url":"https:\/\/brancamenta.it\/wp-content\/uploads\/2020\/06\/history-title.png","contentUrl":"https:\/\/brancamenta.it\/wp-content\/uploads\/2020\/06\/history-title.png","width":1442,"height":340},{"@type":"BreadcrumbList","@id":"https:\/\/brancamenta.it\/de\/history#breadcrumb","itemListElement":[{"@type":"ListItem","position":1,"name":"Home","item":"https:\/\/brancamenta.it\/de"},{"@type":"ListItem","position":2,"name":"History"}]},{"@type":"WebSite","@id":"https:\/\/brancamenta.it\/#website","url":"https:\/\/brancamenta.it\/","name":"Brancamenta","description":"Have an ice journey","potentialAction":[{"@type":"SearchAction","target":{"@type":"EntryPoint","urlTemplate":"https:\/\/brancamenta.it\/?s={search_term_string}"},"query-input":{"@type":"PropertyValueSpecification","valueRequired":true,"valueName":"search_term_string"}}],"inLanguage":"de"}]}},"_links":{"self":[{"href":"https:\/\/brancamenta.it\/de\/wp-json\/wp\/v2\/pages\/1212","targetHints":{"allow":["GET"]}}],"collection":[{"href":"https:\/\/brancamenta.it\/de\/wp-json\/wp\/v2\/pages"}],"about":[{"href":"https:\/\/brancamenta.it\/de\/wp-json\/wp\/v2\/types\/page"}],"author":[{"embeddable":true,"href":"https:\/\/brancamenta.it\/de\/wp-json\/wp\/v2\/users\/1"}],"replies":[{"embeddable":true,"href":"https:\/\/brancamenta.it\/de\/wp-json\/wp\/v2\/comments?post=1212"}],"version-history":[{"count":5,"href":"https:\/\/brancamenta.it\/de\/wp-json\/wp\/v2\/pages\/1212\/revisions"}],"predecessor-version":[{"id":1995,"href":"https:\/\/brancamenta.it\/de\/wp-json\/wp\/v2\/pages\/1212\/revisions\/1995"}],"wp:featuredmedia":[{"embeddable":true,"href":"https:\/\/brancamenta.it\/de\/wp-json\/wp\/v2\/media\/1094"}],"wp:attachment":[{"href":"https:\/\/brancamenta.it\/de\/wp-json\/wp\/v2\/media?parent=1212"}],"curies":[{"name":"wp","href":"https:\/\/api.w.org\/{rel}","templated":true}]}}